{"id":1171,"date":"2025-04-19T04:32:44","date_gmt":"2025-04-19T04:32:44","guid":{"rendered":"https:\/\/elektroniniu-svetainiu-kurimas.lt\/kongacph\/?page_id=1171"},"modified":"2025-05-08T07:05:01","modified_gmt":"2025-05-08T07:05:01","slug":"konga-kitchen-showroom","status":"publish","type":"page","link":"https:\/\/kongacph.com\/dk\/konga-kitchen-showroom\/","title":{"rendered":"Eplore exposition"},"content":{"rendered":"<div class=\"wp-block-greenshift-blocks-row alignfull gspb_row gspb_row-id-gsbp-b38525a\" id=\"gspb_row-id-gsbp-b38525a\"><div class=\"gspb_container__videoContainer\"><div class=\"gspb_videowrapper\"><video id=\"background-video-gsbp-b38525a\" playsinline muted loop autoplay><source src=\"https:\/\/kongacph.com\/wp-content\/uploads\/2025\/04\/Screen-Recording-2025-04-29-at-15.54.53.mp4\" type=\"video\/mp4\"\/><\/video><\/div><\/div><div class=\"gspb_row__content\"> \n<div class=\"wp-block-greenshift-blocks-row-column gspb_row__col--12 gspb_col-id-gsbp-d9d5b03\" id=\"gspb_col-id-gsbp-d9d5b03\">\n<h1 id=\"gspb_heading-id-gsbp-1ae850a\" class=\"gspb_heading gspb_heading-id-gsbp-1ae850a\">explore Konga Kitchen showroom<\/h1>\n<\/div>\n <\/div><\/div>\n\n\n\n<div class=\"wp-block-greenshift-blocks-row alignfull gspb_row gspb_row-id-gsbp-8eef49e withus\" id=\"gspb_row-id-gsbp-8eef49e\"><div class=\"gspb_row__content\"> \n<div class=\"wp-block-greenshift-blocks-row-column gspb_row__col--12 gspb_col-id-gsbp-90f8dcb\" id=\"gspb_col-id-gsbp-90f8dcb\">\n<h2 id=\"gspb_heading-id-gsbp-a9109de\" class=\"gspb_heading gspb_heading-id-gsbp-a9109de\">Crafting kitchens <br>with us<\/h2>\n\n\n\n<div id=\"gspb_text-id-gsbp-4318b03\" class=\"gspb_text gspb_text-id-gsbp-4318b03\">Det er nemt at komme i gang.\n  Send os blot en e-mail, hvor du pr\u00e6senterer dig selv og inkluder disse tre valgmuligheder, s\u00e5 vi bedre kan forst\u00e5 din vision:<br>Design \u2013 Which of our kitchen collection speaks to you most?<br>Bordplade: Hvilket materiale eller udseende forestiller du dig til overfladen?<br>Overflade: \u00d8nsker du, at egetr\u00e6et skal olieres eller males?<\/div>\n<\/div>\n <\/div><\/div>\n\n\n\n<div class=\"wp-block-greenshift-blocks-row gspb_row gspb_row-id-gsbp-67c2cf8\" id=\"gspb_row-id-gsbp-67c2cf8\"><div class=\"gspb_row__content\"> \n<div class=\"wp-block-greenshift-blocks-row-column gspb_row__col--12 gspb_col-id-gsbp-5461e6c\" id=\"gspb_col-id-gsbp-5461e6c\"><style>\n            :root {\n                --fcal_primary_color: var(--theme-palette-color-2, #786155) !important;\n                --fcal_date_radius: 4px !important;\n                --fcal_avatar_radius: 8px !important;\n            }\n        <\/style><div class=\"fluent-booking-calendar-block align\"><div class=\"fcal_cal_wrap\">\n    <div class=\"fluent_booking_app\" data-calendar_id=\"2\"\n         data-event_id=\"3\"><\/div>\n    <\/div>\n\n<style>\n    .fcal_phone_wrapper .flag {\n        background: url(https:\/\/kongacph.com\/wp-content\/plugins\/fluent-booking\/assets\/images\/flags_responsive.png) no-repeat;\n        background-size: 100%;\n    }\n<\/style>\n<\/div><\/div>\n <\/div><\/div>","protected":false},"excerpt":{"rendered":"","protected":false},"author":1,"featured_media":1791,"parent":0,"menu_order":0,"comment_status":"closed","ping_status":"closed","template":"","meta":{"_acf_changed":false,"_gspb_post_css":"#gspb_col-id-gsbp-d9d5b03.gspb_row__col--12{width:100%}@media (max-width:575.98px){#gspb_col-id-gsbp-d9d5b03.gspb_row__col--12{width:100%}}body #gspb_col-id-gsbp-d9d5b03.gspb_row__col--12{display:flex;flex-direction:column;justify-content:center}#gspb_heading-id-gsbp-1ae850a{font-size:var(--wp--preset--font-size--large)!important;text-align:center!important;color:var(--wp--preset--color--palette-color-8, var(--theme-palette-color-8, #ffffff))}#gspb_heading-id-gsbp-1ae850a .gsap-g-line{text-align:center!important}#gspb_row-id-gsbp-8eef49e{justify-content:space-between;display:flex;flex-wrap:wrap;margin-top:100px;margin-bottom:76px}#gspb_row-id-gsbp-8eef49e>.gspb_row__content{display:flex;justify-content:space-between;margin:0 auto;width:100%;flex-wrap:wrap;max-width:588px}div[id^=gspb_col-id]{box-sizing:border-box;position:relative;padding:var(--gs-row-column-padding, 15px min(3vw, 20px))}#gspb_col-id-gsbp-90f8dcb.gspb_row__col--12{width:100%}@media (max-width:575.98px){#gspb_col-id-gsbp-90f8dcb.gspb_row__col--12{width:100%}}#gspb_heading-id-gsbp-a9109de,#gspb_heading-id-gsbp-a9109de .gsap-g-line,.gspb_text-id-gsbp-4318b03,.gspb_text-id-gsbp-4318b03 .gsap-g-line{text-align:center!important}#gspb_heading-id-gsbp-a9109de{margin-top:0}.gspb_text-id-gsbp-4318b03{margin:0 12px!important}#gspb_row-id-gsbp-67c2cf8,#gspb_row-id-gsbp-b38525a{justify-content:space-between;margin-top:0;margin-bottom:0;display:flex;flex-wrap:wrap}#gspb_row-id-gsbp-b38525a{min-height:100vh;background-size:cover;background-repeat:no-repeat;background-position:51% 47%;background-image:url(https:\/\/kongacph.com\/wp-content\/uploads\/2025\/04\/Screen-Recording-2025-04-17-at-09.34.48.mp4);isolation:isolate}#gspb_row-id-gsbp-67c2cf8>.gspb_row__content{display:flex;justify-content:space-between;margin:0 auto;width:100%;flex-wrap:wrap;max-width:700px}.gspb_row{position:relative}#gspb_col-id-gsbp-5461e6c.gspb_row__col--12{width:100%}@media (max-width:575.98px){#gspb_col-id-gsbp-5461e6c.gspb_row__col--12{width:100%}}#gspb_row-id-gsbp-b38525a>.gspb_row__content{display:flex;justify-content:space-between;margin:0 auto;width:100%;flex-wrap:wrap}body.gspb-bodyfront #gspb_row-id-gsbp-b38525a>.gspb_row__content{width:var(--theme-container-width, 1200px);max-width:var(--theme-normal-container-max-width, 1200px)}#gspb_row-id-gsbp-b38525a:hover{background-size:cover}#gspb_row-id-gsbp-b38525a .gspb_container__videoContainer{height:100%;width:100%;top:0;left:0;position:absolute;overflow:hidden;z-index:-50}#gspb_row-id-gsbp-b38525a .gspb_container__videoContainer img{display:block;z-index:20;cursor:pointer}#gspb_row-id-gsbp-b38525a .gspb_container__videoContainer img,#gspb_row-id-gsbp-b38525a .gspb_videowrapper iframe,#gspb_row-id-gsbp-b38525a .gspb_videowrapper video{left:0;top:0;height:100%;width:100%;position:absolute;object-fit:cover}","footnotes":""},"class_list":["post-1171","page","type-page","status-publish","has-post-thumbnail","hentry"],"blocksy_meta":{"has_hero_section":"disabled","vertical_spacing_source":"custom","content_area_spacing":"bottom","styles_descriptor":{"styles":{"desktop":"","tablet":"","mobile":""},"google_fonts":[],"version":6}},"acf":[],"_links":{"self":[{"href":"https:\/\/kongacph.com\/dk\/wp-json\/wp\/v2\/pages\/1171","targetHints":{"allow":["GET"]}}],"collection":[{"href":"https:\/\/kongacph.com\/dk\/wp-json\/wp\/v2\/pages"}],"about":[{"href":"https:\/\/kongacph.com\/dk\/wp-json\/wp\/v2\/types\/page"}],"author":[{"embeddable":true,"href":"https:\/\/kongacph.com\/dk\/wp-json\/wp\/v2\/users\/1"}],"replies":[{"embeddable":true,"href":"https:\/\/kongacph.com\/dk\/wp-json\/wp\/v2\/comments?post=1171"}],"version-history":[{"count":0,"href":"https:\/\/kongacph.com\/dk\/wp-json\/wp\/v2\/pages\/1171\/revisions"}],"wp:featuredmedia":[{"embeddable":true,"href":"https:\/\/kongacph.com\/dk\/wp-json\/wp\/v2\/media\/1791"}],"wp:attachment":[{"href":"https:\/\/kongacph.com\/dk\/wp-json\/wp\/v2\/media?parent=1171"}],"curies":[{"name":"wp","href":"https:\/\/api.w.org\/{rel}","templated":true}]}}